{"id":2540,"date":"2019-10-07T11:33:11","date_gmt":"2019-10-07T11:33:11","guid":{"rendered":"http:\/\/gardena.bold-themes.com\/main-demo\/?post_type=product&#038;p=2540"},"modified":"2025-12-11T19:17:21","modified_gmt":"2025-12-11T19:17:21","slug":"smaragd","status":"publish","type":"product","link":"https:\/\/tujustadi.lv\/ru\/product\/smaragd\/","title":{"rendered":"Rietumu t\u016bja Smaragd  (Thuja Occidentalis Smaragd)"},"content":{"rendered":"<p data-start=\"284\" data-end=\"534\"><strong data-start=\"284\" data-end=\"297\">\u2018Brabant\u2019<\/strong> ir m\u016b\u017eza\u013c\u0161 skujkoks ar strauju aug\u0161anu un neregul\u0101ru, dabisku vainagu. Svaigi gai\u0161i za\u013c\u0101s skujas ziem\u0101 ieg\u016bst maigu bronzas nokr\u0101su, pie\u0161\u0137irot d\u0101rzam \u012bpa\u0161u akcentu. \u0160\u012b \u0161\u0137irne ir piem\u0113rota, ja v\u0113las bl\u012bv\u0101ku un \u0101tr\u0101k augo\u0161u koku mas\u012bvu.<\/p>\n<p data-start=\"536\" data-end=\"821\"><strong data-start=\"536\" data-end=\"549\">\u2018Smaragd\u2019<\/strong> aug kompakt\u0101, konusveida form\u0101 ar ko\u0161i za\u013c\u0101m, m\u012bkst\u0101m skuj\u0101m, kas ziem\u0101 saglab\u0101 savu toni. L\u0113n\u0101ka aug\u0161ana \u013cauj tai saglab\u0101t dabisku un pievilc\u012bgu formu visu gadu. \u0160\u012b \u0161\u0137irne ir piem\u0113rota tiem, kas nov\u0113rt\u0113 est\u0113tiski vienm\u0113r\u012bgu un kompakta auguma t\u016bju ar minim\u0101lu kop\u0161anu.<\/p>\n<p data-start=\"823\" data-end=\"849\"><strong data-start=\"823\" data-end=\"847\">Galven\u0101s at\u0161\u0137ir\u012bbas:<\/strong><\/p>\n<ul data-start=\"850\" data-end=\"1104\">\n<li data-start=\"850\" data-end=\"910\">\n<p data-start=\"852\" data-end=\"910\"><strong data-start=\"852\" data-end=\"872\">Aug\u0161anas \u0101trums:<\/strong> \u2018Brabant\u2019 aug \u0101tr\u0101k nek\u0101 \u2018Smaragd\u2019.<\/p>\n<\/li>\n<li data-start=\"911\" data-end=\"1007\">\n<p data-start=\"913\" data-end=\"1007\"><strong data-start=\"913\" data-end=\"931\">Vainaga forma:<\/strong> \u2018Smaragd\u2019 ir kompakt\u0101ka un konusveida, \u2018Brabant\u2019 &#8211; neregul\u0101ra un bl\u012bv\u0101ka.<\/p>\n<\/li>\n<li data-start=\"1008\" data-end=\"1104\">\n<p data-start=\"1010\" data-end=\"1104\"><strong data-start=\"1010\" data-end=\"1020\">Kr\u0101sa:<\/strong> \u2018Brabant\u2019 ziem\u0101 ieg\u016bst bronzas toni, \u2018Smaragd\u2019 saglab\u0101 ko\u0161i za\u013cu kr\u0101su visu gadu.<\/p>\n<\/li>\n<\/ul>","protected":false},"excerpt":{"rendered":"<p>&nbsp;<\/p>\n<p><span style=\"font-weight: 400;\"><strong>T\u016bja Smaragd<\/strong> ir m\u016b\u017eza\u013c\u0161 skujkoks ar izteiktu piram\u012bdas formu. Aug\u0161anas period\u0101 skujas ir smaragd za\u013cas. \u0160\u012b ir viena no piem\u0113rot\u0101kaj\u0101m un kr\u0101\u0161\u0146\u0101kaj\u0101m t\u016bju \u0161\u0137irn\u0113m dz\u012bv\u017eogu veido\u0161anai. Augstums 3 \u2013 4 m.<\/span><\/p>\n<p><span style=\"font-weight: 400;\">Atkar\u012bb\u0101 no st\u0101d\u012b\u0161anas att\u0101luma, iesp\u0113jams veidot dz\u012bv\u017eogu, kas sak\u013caujas un veido necaurredzamu bl\u012bvu sienu, vai ar\u012b paliek redzama katras t\u016bjas piram\u012bdveida forma. Nepiecie\u0161am\u012bbas gad\u012bjum\u0101 dz\u012bv\u017eogam form\u0113 tikai augstumu. Ieteicamais t\u016bjas Smaragd st\u0101d\u012b\u0161anas att\u0101lums bl\u012bvam dz\u012bv\u017eogam 50 cm &#8211; 60 cm.<\/span><\/p>\n<p><span style=\"font-weight: 400;\">T\u016bju dz\u012bv\u017eogi nodro\u0161ina priv\u0101tumu un patv\u0113rumu no apk\u0101rt\u0113j\u0101s vides gan ziem\u0101, gan vasar\u0101.<\/span><\/p>\n<p><strong>T\u016bja Smaragd 1,2 \u2013 2,5 m: <\/strong>cena no 17 \u20ac<\/p>\n<p><strong>Svar\u012bgi:<\/strong> t\u016bjas nav iesp\u0113jams pas\u016bt\u012bt tie\u0161saist\u0113. Lai uzzin\u0101tu aktu\u0101lo pieejamo sortimentu, st\u0101du augstumus, daudzumu un prec\u012bzas cenas, l\u016bdzu, sazinieties ar mums pa t\u0101lruni: <strong>+371 24833988<\/strong>.<\/p>\n<p>&nbsp;<\/p>","protected":false},"featured_media":6354,"comment_status":"open","ping_status":"closed","template":"","meta":{"_regular_price":[],"currency_symbol":[]},"product_brand":[118],"product_cat":[64,75],"product_tag":[],"class_list":{"0":"post-2540","1":"product","2":"type-product","3":"status-publish","4":"has-post-thumbnail","6":"product_brand-smaragd","7":"product_cat-tujas","8":"product_cat-tujas-smaragd-brabant","10":"first","11":"instock","12":"taxable","13":"shipping-taxable","14":"product-type-external"},"post_slider_layout_featured_media_urls":{"thumbnail":["https:\/\/tujustadi.lv\/wp-content\/uploads\/2019\/10\/20230717_102301-2-150x150.jpg",150,150,true],"post_slider_layout_landscape_large":["https:\/\/tujustadi.lv\/wp-content\/uploads\/2019\/10\/20230717_102301-2-1200x800.jpg",1200,800,true],"post_slider_layout_portrait_large":["https:\/\/tujustadi.lv\/wp-content\/uploads\/2019\/10\/20230717_102301-2-1200x1800.jpg",1200,1800,true],"post_slider_layout_square_large":["https:\/\/tujustadi.lv\/wp-content\/uploads\/2019\/10\/20230717_102301-2-1200x1200.jpg",1200,1200,true],"post_slider_layout_landscape":["https:\/\/tujustadi.lv\/wp-content\/uploads\/2019\/10\/20230717_102301-2-600x400.jpg",600,400,true],"post_slider_layout_portrait":["https:\/\/tujustadi.lv\/wp-content\/uploads\/2019\/10\/20230717_102301-2-600x900.jpg",600,900,true],"post_slider_layout_square":["https:\/\/tujustadi.lv\/wp-content\/uploads\/2019\/10\/20230717_102301-2-600x600.jpg",600,600,true],"full":["https:\/\/tujustadi.lv\/wp-content\/uploads\/2019\/10\/20230717_102301-2-scaled.jpg",1920,2560,false]},"yoast_head":"<!-- This site is optimized with the Yoast SEO Premium plugin v26.5 (Yoast SEO v26.5) - https:\/\/yoast.com\/wordpress\/plugins\/seo\/ -->\n<title>Rietumu t\u016bja Smaragd (Thuja Occidentalis Smaragd) - T\u016bju st\u0101di<\/title>\n<meta name=\"description\" content=\"T\u016bja Smaragd \u2013 ko\u0161a, piram\u012bdveida t\u016bju \u0161\u0137irne bl\u012bva dz\u012bv\u017eoga veido\u0161anai. Skujas smaragdza\u013cas, augstums 3\u20134 m. Pieejamas 1,2\u20132,5 m t\u016bjas, cena no 17 \u20ac.\" \/>\n<meta name=\"robots\" content=\"index, follow, max-snippet:-1, max-image-preview:large, max-video-preview:-1\" \/>\n<link rel=\"canonical\" href=\"https:\/\/tujustadi.lv\/ru\/product\/smaragd\/\" \/>\n<meta property=\"og:locale\" content=\"ru_RU\" \/>\n<meta property=\"og:type\" content=\"article\" \/>\n<meta property=\"og:title\" content=\"Rietumu t\u016bja Smaragd (Thuja Occidentalis Smaragd)\" \/>\n<meta property=\"og:description\" content=\"T\u016bja Smaragd \u2013 ko\u0161a, piram\u012bdveida t\u016bju \u0161\u0137irne bl\u012bva dz\u012bv\u017eoga veido\u0161anai. Skujas smaragdza\u013cas, augstums 3\u20134 m. Pieejamas 1,2\u20132,5 m t\u016bjas, cena no 17 \u20ac.\" \/>\n<meta property=\"og:url\" content=\"https:\/\/tujustadi.lv\/ru\/product\/smaragd\/\" \/>\n<meta property=\"og:site_name\" content=\"T\u016bju st\u0101di\" \/>\n<meta property=\"article:publisher\" content=\"https:\/\/www.facebook.com\/Tujustadi.lv\" \/>\n<meta property=\"article:modified_time\" content=\"2025-12-11T19:17:21+00:00\" \/>\n<meta property=\"og:image\" content=\"https:\/\/tujustadi.lv\/wp-content\/uploads\/2019\/10\/20230717_102301-2-scaled.jpg\" \/>\n\t<meta property=\"og:image:width\" content=\"1920\" \/>\n\t<meta property=\"og:image:height\" content=\"2560\" \/>\n\t<meta property=\"og:image:type\" content=\"image\/jpeg\" \/>\n<meta name=\"twitter:card\" content=\"summary_large_image\" \/>\n<meta name=\"twitter:label1\" content=\"\u0426\u0435\u043d\u0430\" \/>\n\t<meta name=\"twitter:data1\" content=\"\" \/>\n\t<meta name=\"twitter:label2\" content=\"\u0414\u043e\u0441\u0442\u0443\u043f\u043d\u043e\u0441\u0442\u044c\" \/>\n\t<meta name=\"twitter:data2\" content=\"\u0412 \u043d\u0430\u043b\u0438\u0447\u0438\u0438\" \/>\n<script type=\"application\/ld+json\" class=\"yoast-schema-graph\">{\"@context\":\"https:\/\/schema.org\",\"@graph\":[{\"@type\":\"WebPage\",\"@id\":\"https:\/\/tujustadi.lv\/product\/smaragd\/\",\"url\":\"https:\/\/tujustadi.lv\/product\/smaragd\/\",\"name\":\"Rietumu t\u016bja Smaragd (Thuja Occidentalis Smaragd) - T\u016bju st\u0101di\",\"isPartOf\":{\"@id\":\"https:\/\/tujustadi.lv\/#website\"},\"primaryImageOfPage\":{\"@id\":\"https:\/\/tujustadi.lv\/product\/smaragd\/#primaryimage\"},\"image\":{\"@id\":\"https:\/\/tujustadi.lv\/product\/smaragd\/#primaryimage\"},\"thumbnailUrl\":\"https:\/\/tujustadi.lv\/wp-content\/uploads\/2019\/10\/20230717_102301-2-scaled.jpg\",\"datePublished\":\"2019-10-07T11:33:11+00:00\",\"dateModified\":\"2025-12-11T19:17:21+00:00\",\"description\":\"T\u016bja Smaragd \u2013 ko\u0161a, piram\u012bdveida t\u016bju \u0161\u0137irne bl\u012bva dz\u012bv\u017eoga veido\u0161anai. Skujas smaragdza\u013cas, augstums 3\u20134 m. Pieejamas 1,2\u20132,5 m t\u016bjas, cena no 17 \u20ac.\",\"breadcrumb\":{\"@id\":\"https:\/\/tujustadi.lv\/product\/smaragd\/#breadcrumb\"},\"inLanguage\":\"ru-RU\",\"potentialAction\":[{\"@type\":\"ReadAction\",\"target\":[\"https:\/\/tujustadi.lv\/product\/smaragd\/\"]}]},{\"@type\":\"ImageObject\",\"inLanguage\":\"ru-RU\",\"@id\":\"https:\/\/tujustadi.lv\/product\/smaragd\/#primaryimage\",\"url\":\"https:\/\/tujustadi.lv\/wp-content\/uploads\/2019\/10\/20230717_102301-2-scaled.jpg\",\"contentUrl\":\"https:\/\/tujustadi.lv\/wp-content\/uploads\/2019\/10\/20230717_102301-2-scaled.jpg\",\"width\":1920,\"height\":2560,\"caption\":\"smaragd t\u016bjas\"},{\"@type\":\"BreadcrumbList\",\"@id\":\"https:\/\/tujustadi.lv\/product\/smaragd\/#breadcrumb\",\"itemListElement\":[{\"@type\":\"ListItem\",\"position\":1,\"name\":\"Home\",\"item\":\"https:\/\/tujustadi.lv\/\"},{\"@type\":\"ListItem\",\"position\":2,\"name\":\"Produkti\",\"item\":\"https:\/\/tujustadi.lv\/produkti\/\"},{\"@type\":\"ListItem\",\"position\":3,\"name\":\"Rietumu t\u016bja Smaragd (Thuja Occidentalis Smaragd)\"}]},{\"@type\":\"WebSite\",\"@id\":\"https:\/\/tujustadi.lv\/#website\",\"url\":\"https:\/\/tujustadi.lv\/\",\"name\":\"T\u016bju st\u0101di\",\"description\":\"\",\"publisher\":{\"@id\":\"https:\/\/tujustadi.lv\/#organization\"},\"potentialAction\":[{\"@type\":\"SearchAction\",\"target\":{\"@type\":\"EntryPoint\",\"urlTemplate\":\"https:\/\/tujustadi.lv\/?s={search_term_string}\"},\"query-input\":{\"@type\":\"PropertyValueSpecification\",\"valueRequired\":true,\"valueName\":\"search_term_string\"}}],\"inLanguage\":\"ru-RU\"},{\"@type\":\"Organization\",\"@id\":\"https:\/\/tujustadi.lv\/#organization\",\"name\":\"T\u016bju st\u0101di\",\"url\":\"https:\/\/tujustadi.lv\/\",\"logo\":{\"@type\":\"ImageObject\",\"inLanguage\":\"ru-RU\",\"@id\":\"https:\/\/tujustadi.lv\/#\/schema\/logo\/image\/\",\"url\":\"https:\/\/tujustadi.lv\/wp-content\/uploads\/2025\/12\/cropped-Tuju-stadi.jpg\",\"contentUrl\":\"https:\/\/tujustadi.lv\/wp-content\/uploads\/2025\/12\/cropped-Tuju-stadi.jpg\",\"width\":512,\"height\":512,\"caption\":\"T\u016bju st\u0101di\"},\"image\":{\"@id\":\"https:\/\/tujustadi.lv\/#\/schema\/logo\/image\/\"},\"sameAs\":[\"https:\/\/www.facebook.com\/Tujustadi.lv\"]}]}<\/script>\n<meta property=\"product:price:amount\" content=\"0.00\" \/>\n<meta property=\"product:price:currency\" content=\"EUR\" \/>\n<meta property=\"og:availability\" content=\"instock\" \/>\n<meta property=\"product:availability\" content=\"instock\" \/>\n<meta property=\"product:retailer_item_id\" content=\"Thuja Occidentalis Smaragd\" \/>\n<meta property=\"product:condition\" content=\"new\" \/>\n<!-- \/ Yoast SEO Premium plugin. -->","yoast_head_json":{"title":"Rietumu t\u016bja Smaragd (Thuja Occidentalis Smaragd) - T\u016bju st\u0101di","description":"T\u016bja Smaragd \u2013 ko\u0161a, piram\u012bdveida t\u016bju \u0161\u0137irne bl\u012bva dz\u012bv\u017eoga veido\u0161anai. Skujas smaragdza\u013cas, augstums 3\u20134 m. Pieejamas 1,2\u20132,5 m t\u016bjas, cena no 17 \u20ac.","robots":{"index":"index","follow":"follow","max-snippet":"max-snippet:-1","max-image-preview":"max-image-preview:large","max-video-preview":"max-video-preview:-1"},"canonical":"https:\/\/tujustadi.lv\/ru\/product\/smaragd\/","og_locale":"ru_RU","og_type":"article","og_title":"Rietumu t\u016bja Smaragd (Thuja Occidentalis Smaragd)","og_description":"T\u016bja Smaragd \u2013 ko\u0161a, piram\u012bdveida t\u016bju \u0161\u0137irne bl\u012bva dz\u012bv\u017eoga veido\u0161anai. Skujas smaragdza\u013cas, augstums 3\u20134 m. Pieejamas 1,2\u20132,5 m t\u016bjas, cena no 17 \u20ac.","og_url":"https:\/\/tujustadi.lv\/ru\/product\/smaragd\/","og_site_name":"T\u016bju st\u0101di","article_publisher":"https:\/\/www.facebook.com\/Tujustadi.lv","article_modified_time":"2025-12-11T19:17:21+00:00","og_image":[{"width":1920,"height":2560,"url":"https:\/\/tujustadi.lv\/wp-content\/uploads\/2019\/10\/20230717_102301-2-scaled.jpg","type":"image\/jpeg"}],"twitter_card":"summary_large_image","twitter_misc":{"\u0426\u0435\u043d\u0430":"","\u0414\u043e\u0441\u0442\u0443\u043f\u043d\u043e\u0441\u0442\u044c":"\u0412 \u043d\u0430\u043b\u0438\u0447\u0438\u0438"},"schema":{"@context":"https:\/\/schema.org","@graph":[{"@type":"WebPage","@id":"https:\/\/tujustadi.lv\/product\/smaragd\/","url":"https:\/\/tujustadi.lv\/product\/smaragd\/","name":"Rietumu t\u016bja Smaragd (Thuja Occidentalis Smaragd) - T\u016bju st\u0101di","isPartOf":{"@id":"https:\/\/tujustadi.lv\/#website"},"primaryImageOfPage":{"@id":"https:\/\/tujustadi.lv\/product\/smaragd\/#primaryimage"},"image":{"@id":"https:\/\/tujustadi.lv\/product\/smaragd\/#primaryimage"},"thumbnailUrl":"https:\/\/tujustadi.lv\/wp-content\/uploads\/2019\/10\/20230717_102301-2-scaled.jpg","datePublished":"2019-10-07T11:33:11+00:00","dateModified":"2025-12-11T19:17:21+00:00","description":"T\u016bja Smaragd \u2013 ko\u0161a, piram\u012bdveida t\u016bju \u0161\u0137irne bl\u012bva dz\u012bv\u017eoga veido\u0161anai. Skujas smaragdza\u013cas, augstums 3\u20134 m. Pieejamas 1,2\u20132,5 m t\u016bjas, cena no 17 \u20ac.","breadcrumb":{"@id":"https:\/\/tujustadi.lv\/product\/smaragd\/#breadcrumb"},"inLanguage":"ru-RU","potentialAction":[{"@type":"ReadAction","target":["https:\/\/tujustadi.lv\/product\/smaragd\/"]}]},{"@type":"ImageObject","inLanguage":"ru-RU","@id":"https:\/\/tujustadi.lv\/product\/smaragd\/#primaryimage","url":"https:\/\/tujustadi.lv\/wp-content\/uploads\/2019\/10\/20230717_102301-2-scaled.jpg","contentUrl":"https:\/\/tujustadi.lv\/wp-content\/uploads\/2019\/10\/20230717_102301-2-scaled.jpg","width":1920,"height":2560,"caption":"smaragd t\u016bjas"},{"@type":"BreadcrumbList","@id":"https:\/\/tujustadi.lv\/product\/smaragd\/#breadcrumb","itemListElement":[{"@type":"ListItem","position":1,"name":"Home","item":"https:\/\/tujustadi.lv\/"},{"@type":"ListItem","position":2,"name":"Produkti","item":"https:\/\/tujustadi.lv\/produkti\/"},{"@type":"ListItem","position":3,"name":"Rietumu t\u016bja Smaragd (Thuja Occidentalis Smaragd)"}]},{"@type":"WebSite","@id":"https:\/\/tujustadi.lv\/#website","url":"https:\/\/tujustadi.lv\/","name":"T\u016bju st\u0101di","description":"","publisher":{"@id":"https:\/\/tujustadi.lv\/#organization"},"potentialAction":[{"@type":"SearchAction","target":{"@type":"EntryPoint","urlTemplate":"https:\/\/tujustadi.lv\/?s={search_term_string}"},"query-input":{"@type":"PropertyValueSpecification","valueRequired":true,"valueName":"search_term_string"}}],"inLanguage":"ru-RU"},{"@type":"Organization","@id":"https:\/\/tujustadi.lv\/#organization","name":"T\u016bju st\u0101di","url":"https:\/\/tujustadi.lv\/","logo":{"@type":"ImageObject","inLanguage":"ru-RU","@id":"https:\/\/tujustadi.lv\/#\/schema\/logo\/image\/","url":"https:\/\/tujustadi.lv\/wp-content\/uploads\/2025\/12\/cropped-Tuju-stadi.jpg","contentUrl":"https:\/\/tujustadi.lv\/wp-content\/uploads\/2025\/12\/cropped-Tuju-stadi.jpg","width":512,"height":512,"caption":"T\u016bju st\u0101di"},"image":{"@id":"https:\/\/tujustadi.lv\/#\/schema\/logo\/image\/"},"sameAs":["https:\/\/www.facebook.com\/Tujustadi.lv"]}]},"product_price_amount":"0.00","product_price_currency":"EUR","og_availability":"instock","product_availability":"instock","product_retailer_item_id":"Thuja Occidentalis Smaragd","product_condition":"new"},"_links":{"self":[{"href":"https:\/\/tujustadi.lv\/ru\/wp-json\/wp\/v2\/product\/2540","targetHints":{"allow":["GET"]}}],"collection":[{"href":"https:\/\/tujustadi.lv\/ru\/wp-json\/wp\/v2\/product"}],"about":[{"href":"https:\/\/tujustadi.lv\/ru\/wp-json\/wp\/v2\/types\/product"}],"replies":[{"embeddable":true,"href":"https:\/\/tujustadi.lv\/ru\/wp-json\/wp\/v2\/comments?post=2540"}],"version-history":[{"count":11,"href":"https:\/\/tujustadi.lv\/ru\/wp-json\/wp\/v2\/product\/2540\/revisions"}],"predecessor-version":[{"id":6570,"href":"https:\/\/tujustadi.lv\/ru\/wp-json\/wp\/v2\/product\/2540\/revisions\/6570"}],"wp:featuredmedia":[{"embeddable":true,"href":"https:\/\/tujustadi.lv\/ru\/wp-json\/wp\/v2\/media\/6354"}],"wp:attachment":[{"href":"https:\/\/tujustadi.lv\/ru\/wp-json\/wp\/v2\/media?parent=2540"}],"wp:term":[{"taxonomy":"product_brand","embeddable":true,"href":"https:\/\/tujustadi.lv\/ru\/wp-json\/wp\/v2\/product_brand?post=2540"},{"taxonomy":"product_cat","embeddable":true,"href":"https:\/\/tujustadi.lv\/ru\/wp-json\/wp\/v2\/product_cat?post=2540"},{"taxonomy":"product_tag","embeddable":true,"href":"https:\/\/tujustadi.lv\/ru\/wp-json\/wp\/v2\/product_tag?post=2540"}],"curies":[{"name":"wp","href":"https:\/\/api.w.org\/{rel}","templated":true}]}}