{"id":5807,"date":"2025-11-24T12:25:09","date_gmt":"2025-11-24T12:25:09","guid":{"rendered":"https:\/\/tujustadi.lv\/?page_id=5807"},"modified":"2025-12-03T15:38:14","modified_gmt":"2025-12-03T15:38:14","slug":"privatuma-un-sikdatnu-politika","status":"publish","type":"page","link":"https:\/\/tujustadi.lv\/ru\/privatuma-un-sikdatnu-politika\/","title":{"rendered":"Priv\u0101tuma un s\u012bkdat\u0146u politika"},"content":{"rendered":"<div data-elementor-type=\"wp-page\" data-elementor-id=\"5807\" class=\"elementor elementor-5807\" data-elementor-post-type=\"page\">\n\t\t\t\t<div class=\"wd-negative-gap elementor-element elementor-element-360b312 e-flex e-con-boxed e-con e-parent\" data-id=\"360b312\" data-element_type=\"container\">\n\t\t\t\t\t<div class=\"e-con-inner\">\n\t\t\t\t<div class=\"elementor-element elementor-element-74de50a color-scheme-inherit text-left elementor-widget elementor-widget-text-editor\" data-id=\"74de50a\" data-element_type=\"widget\" data-widget_type=\"text-editor.default\">\n\t\t\t\t\t\t\t\t\t\n<h4 class=\"wp-block-heading\">1. Visp\u0101r\u012bgie noteikumi<\/h4>\n\n<p>1.1. \u0160\u012b Priv\u0101tuma politika apraksta, k\u0101 <strong>SIA \u201cAltafina\u201d, re\u0123. nr. 40103401385, Ventas iela 56, M\u0101rupe, M\u0101rupes nov., LV-2167<\/strong> (turpm\u0101k saukti ar\u012b \u2013 \u201cDatu p\u0101rzinis\u201d) ieg\u016bst, apstr\u0101d\u0101 un glab\u0101 personas datus, ko <strong>internetveikals \u201cAltafina\u201d<\/strong> ieg\u016bst no saviem klientiem un person\u0101m, kas apmekl\u0113 interneta m\u0101jaslapu vai izmanto m\u016bsu pakalpojumus kl\u0101tien\u0113 (turpm\u0101k saukti \u2013 \u201cDatu subjekts\u201d vai \u201cJ\u016bs\u201d).<\/p>\n\n<p>1.2. Personas dati ir jebkura inform\u0101cija attiec\u012bb\u0101 uz identific\u0113tu vai identific\u0113jamu fizisku personu, t.i., Datu subjektu. Apstr\u0101de ir jebkura ar personas datiem saist\u012bta darb\u012bba, piem\u0113ram, ieg\u016b\u0161ana, ierakst\u012b\u0161ana, p\u0101rveido\u0161ana, izmanto\u0161ana, skat\u012b\u0161ana, dz\u0113\u0161ana vai izn\u012bcin\u0101\u0161ana.<\/p>\n\n<p>1.3. Datu p\u0101rzinis iev\u0113ro likumdo\u0161an\u0101 paredz\u0113tos datu apstr\u0101des principus un apstiprina, ka personas dati tiek apstr\u0101d\u0101ti saska\u0146\u0101 ar sp\u0113k\u0101 eso\u0161o likumdo\u0161anu.<\/p>\n\n<h4 class=\"wp-block-heading\"><strong>2. Personas datu ieg\u016b\u0161ana, apstr\u0101de un glab\u0101\u0161ana<\/strong><\/h4>\n\n<p>2.1. Personu identific\u0113jo\u0161u inform\u0101ciju Datu p\u0101rzinis ieg\u016bst, apstr\u0101d\u0101 un glab\u0101 galvenok\u0101rt, izmantojot internetveikala vietni, e-pastu un pas\u016bt\u012bjumu formu kl\u0101tien\u0113 audz\u0113tav\u0101.<\/p>\n\n<p>2.2. Apmekl\u0113jot un izmantojot internetveikala sniegtos pakalpojumus vai ieg\u0101d\u0101joties preces kl\u0101tien\u0113, J\u016bs piekr\u012btat, ka jebkura sniegt\u0101 inform\u0101cija tiek izmantota un p\u0101rvald\u012bta atbilsto\u0161i Priv\u0101tuma politik\u0101 noteiktajiem m\u0113r\u0137iem.<\/p>\n\n<p>2.3. Datu subjekts ir atbild\u012bgs par to, lai iesniegtie personas dati b\u016btu pareizi, prec\u012bzi un piln\u012bgi. Apzin\u0101ta nepatiesas inform\u0101cijas snieg\u0161ana tiek uzskat\u012bta par Priv\u0101tuma politikas p\u0101rk\u0101pumu. Datu subjektam ir pien\u0101kums nekav\u0113joties pazi\u0146ot Datu p\u0101rzinim par jebkur\u0101m izmai\u0146\u0101m iesniegtajos datos.<\/p>\n\n<p>2.4. Datu p\u0101rzinis nav atbild\u012bgs par zaud\u0113jumiem, kas radu\u0161ies nepareizu vai nepiln\u012bgu datu iesnieg\u0161anas d\u0113\u013c.<\/p>\n\n<h4 class=\"wp-block-heading\"><strong>3. Klientu personas datu apstr\u0101de<\/strong><\/h4>\n\n<p>3.1. Datu p\u0101rzinis var apstr\u0101d\u0101t \u0161\u0101dus personas datus:<\/p>\n\n<p>3.1.1. V\u0101rds, uzv\u0101rds<br \/>3.1.2. Kontaktinform\u0101cija (e-pasta adrese un\/vai t\u0101lru\u0146a numurs)<br \/>3.1.3. Adrese (pieg\u0101des vai deklar\u0113t\u0101 adrese)<br \/>3.1.4. Dar\u012bjuma dati (ieg\u0101d\u0101t\u0101s preces, pieg\u0101des veids, cena, maks\u0101juma inform\u0101cija)<br \/>3.1.5. Papildu inform\u0101cija, ko sniedzat, sazinoties ar mums vai izmantojot m\u016bsu pakalpojumus<\/p>\n\n<p>3.2. Datu p\u0101rzinis var p\u0101rbaud\u012bt iesniegto datu precizit\u0101ti, izmantojot publiski pieejamos re\u0123istrus.<\/p>\n\n<p>3.3. Personas datu apstr\u0101des juridiskais pamats ir Visp\u0101r\u012bg\u0101s datu aizsardz\u012bbas regulas 6. panta 1. punkta a), b), c) un f) apak\u0161punkts:<\/p>\n\n<p>a) Datu subjekts ir devis piekri\u0161anu savu personas datu apstr\u0101dei konkr\u0113tiem nol\u016bkiem;<br \/>b) Apstr\u0101de ir nepiecie\u0161ama l\u012bguma, kur\u0101 datu subjekts ir puse, izpildei vai pas\u0101kumu veik\u0161anai pirms l\u012bguma nosl\u0113g\u0161anas;<br \/>c) Apstr\u0101de ir nepiecie\u0161ama, lai izpild\u012btu juridisku pien\u0101kumu;<br \/>f) Apstr\u0101de ir nepiecie\u0161ama Datu p\u0101rzi\u0146a vai tre\u0161\u0101s personas le\u0123it\u012bmo intere\u0161u iev\u0113ro\u0161anai, ja datu subjekta intereses nav svar\u012bg\u0101kas.<\/p>\n\n<p>3.4. Datu p\u0101rzinis glab\u0101 un apstr\u0101d\u0101 personas datus, kam\u0113r past\u0101v vismaz viens no \u0161\u0101diem krit\u0113rijiem:<\/p>\n\n<p>3.4.1. Personas dati nepiecie\u0161ami tiem nol\u016bkiem, kam tie sa\u0146emti;<br \/>3.4.2. Kam\u0113r past\u0101v ties\u012bbas realiz\u0113t savas le\u0123it\u012bm\u0101s intereses vai juridiskas pras\u012bbas;<br \/>3.4.3. Kam\u0113r past\u0101v juridisks pien\u0101kums datus glab\u0101t (piem\u0113ram, saska\u0146\u0101 ar Gr\u0101matved\u012bbas likumu);<br \/>3.4.4. Kam\u0113r ir sp\u0113k\u0101 Datu subjekta piekri\u0161ana attiec\u012bgajai personas datu apstr\u0101dei.<\/p>\n\n<p>Izbeidzoties \u0161iem krit\u0113rijiem, dati tiek neatgriezeniski dz\u0113sti vai anonimiz\u0113ti.<\/p>\n\n<p>3.5. Datu p\u0101rzinis var nodot personas datus sadarb\u012bbas partneriem un datu apstr\u0101d\u0101t\u0101jiem, kurjeru pakalpojumiem un gr\u0101matved\u012bbai, k\u0101 ar\u012b valsts iest\u0101d\u0113m juridisku pras\u012bbu izpildei. <strong data-start=\"506\" data-end=\"687\">Maks\u0101jumu apstr\u0101di nodro\u0161ina maks\u0101jumu platforma makecommerce.lv, t\u0101p\u0113c m\u016bsu uz\u0146\u0113mums maks\u0101jumu izpildei nepiecie\u0161amos personas datus nodod platformas \u012bpa\u0161niekam Maksekeskus AS.<\/strong><\/p>\n\n<p>3.6. Datu p\u0101rzinis \u012bsteno organizatoriskos un tehniskos pas\u0101kumus, lai nodro\u0161in\u0101tu personas datu aizsardz\u012bbu pret nejau\u0161u vai nelikum\u012bgu izn\u012bcin\u0101\u0161anu, main\u012b\u0161anu, izpau\u0161anu vai citu nelikum\u012bgu apstr\u0101di.<\/p>\n\n<h4 class=\"wp-block-heading\"><strong>4. Datu subjekta ties\u012bbas<\/strong><\/h4>\n\n<p>4.1. Jums ir ties\u012bbas:<br \/>4.1.1. Piek\u013c\u016bt saviem personas datiem un piepras\u012bt to kopiju;<br \/>4.1.2. Labot neprec\u012bzus vai nepiln\u012bgus datus;<br \/>4.1.3. Piepras\u012bt dz\u0113\u0161anu, iz\u0146emot gad\u012bjumus, kad likums prasa saglab\u0101t datus;<br \/>4.1.4. Atsaukt iepriek\u0161 sniegto piekri\u0161anu;<br \/>4.1.5. Ierobe\u017eot datu apstr\u0101di;<br \/>4.1.6. V\u0113rsties Datu valsts inspekcij\u0101.<\/p>\n\n<p>Piepras\u012bjumu var iesniegt kl\u0101tien\u0113: <strong>Ventas iela 56, M\u0101rupe<\/strong>, vai elektroniski: <strong><a>info@tujustadi.lv<\/a><\/strong>.<\/p>\n\n<h4 class=\"wp-block-heading\"><strong>5. Nobeiguma noteikumi<\/strong><\/h4>\n\n<p>5.1. Priv\u0101tuma politika izstr\u0101d\u0101ta saska\u0146\u0101 ar ES Visp\u0101r\u012bgo datu aizsardz\u012bbas regulu (GDPR) un Latvijas Republikas likumiem.<\/p>\n\n<p>5.2. Datu p\u0101rzinis patur ties\u012bbas veikt izmai\u0146as jebkur\u0101 laik\u0101. Labojumi st\u0101jas sp\u0113k\u0101 p\u0113c public\u0113\u0161anas m\u0101jaslap\u0101.<\/p>\n\t\t\t\t\t\t\t\t<\/div>\n\t\t\t\t\t<\/div>\n\t\t\t\t<\/div>\n\t\t\t\t<\/div>","protected":false},"excerpt":{"rendered":"<p>1. Visp\u0101r\u012bgie noteikumi 1.1. \u0160\u012b Priv\u0101tuma politika apraksta, k\u0101 SIA \u201cAltafina\u201d, re\u0123. nr. 40103401385, Ventas iela 56, M\u0101rupe, M\u0101rupes nov.,<\/p>","protected":false},"author":1,"featured_media":0,"parent":0,"menu_order":0,"comment_status":"closed","ping_status":"closed","template":"","meta":{"_regular_price":[],"currency_symbol":[],"footnotes":""},"class_list":["post-5807","page","type-page","status-publish","hentry"],"post_slider_layout_featured_media_urls":{"thumbnail":"","post_slider_layout_landscape_large":"","post_slider_layout_portrait_large":"","post_slider_layout_square_large":"","post_slider_layout_landscape":"","post_slider_layout_portrait":"","post_slider_layout_square":"","full":""},"featured_image_src":null,"yoast_head":"<!-- This site is optimized with the Yoast SEO Premium plugin v26.5 (Yoast SEO v26.5) - https:\/\/yoast.com\/wordpress\/plugins\/seo\/ -->\n<title>Priv\u0101tuma un s\u012bkdat\u0146u politika - T\u016bju st\u0101di<\/title>\n<meta name=\"robots\" content=\"index, follow, max-snippet:-1, max-image-preview:large, max-video-preview:-1\" \/>\n<link rel=\"canonical\" href=\"https:\/\/tujustadi.lv\/ru\/privatuma-un-sikdatnu-politika\/\" \/>\n<meta property=\"og:locale\" content=\"ru_RU\" \/>\n<meta property=\"og:type\" content=\"article\" \/>\n<meta property=\"og:title\" content=\"Priv\u0101tuma un s\u012bkdat\u0146u politika\" \/>\n<meta property=\"og:description\" content=\"1. Visp\u0101r\u012bgie noteikumi 1.1. \u0160\u012b Priv\u0101tuma politika apraksta, k\u0101 SIA \u201cAltafina\u201d, re\u0123. nr. 40103401385, Ventas iela 56, M\u0101rupe, M\u0101rupes nov.,\" \/>\n<meta property=\"og:url\" content=\"https:\/\/tujustadi.lv\/ru\/privatuma-un-sikdatnu-politika\/\" \/>\n<meta property=\"og:site_name\" content=\"T\u016bju st\u0101di\" \/>\n<meta property=\"article:publisher\" content=\"https:\/\/www.facebook.com\/Tujustadi.lv\" \/>\n<meta property=\"article:modified_time\" content=\"2025-12-03T15:38:14+00:00\" \/>\n<meta name=\"twitter:card\" content=\"summary_large_image\" \/>\n<meta name=\"twitter:label1\" content=\"\u041f\u0440\u0438\u043c\u0435\u0440\u043d\u043e\u0435 \u0432\u0440\u0435\u043c\u044f \u0434\u043b\u044f \u0447\u0442\u0435\u043d\u0438\u044f\" \/>\n\t<meta name=\"twitter:data1\" content=\"4 \u043c\u0438\u043d\u0443\u0442\u044b\" \/>\n<script type=\"application\/ld+json\" class=\"yoast-schema-graph\">{\"@context\":\"https:\/\/schema.org\",\"@graph\":[{\"@type\":\"WebPage\",\"@id\":\"https:\/\/tujustadi.lv\/privatuma-un-sikdatnu-politika\/\",\"url\":\"https:\/\/tujustadi.lv\/privatuma-un-sikdatnu-politika\/\",\"name\":\"Priv\u0101tuma un s\u012bkdat\u0146u politika - T\u016bju st\u0101di\",\"isPartOf\":{\"@id\":\"https:\/\/tujustadi.lv\/#website\"},\"datePublished\":\"2025-11-24T12:25:09+00:00\",\"dateModified\":\"2025-12-03T15:38:14+00:00\",\"breadcrumb\":{\"@id\":\"https:\/\/tujustadi.lv\/privatuma-un-sikdatnu-politika\/#breadcrumb\"},\"inLanguage\":\"ru-RU\",\"potentialAction\":[{\"@type\":\"ReadAction\",\"target\":[\"https:\/\/tujustadi.lv\/privatuma-un-sikdatnu-politika\/\"]}]},{\"@type\":\"BreadcrumbList\",\"@id\":\"https:\/\/tujustadi.lv\/privatuma-un-sikdatnu-politika\/#breadcrumb\",\"itemListElement\":[{\"@type\":\"ListItem\",\"position\":1,\"name\":\"Home\",\"item\":\"https:\/\/tujustadi.lv\/\"},{\"@type\":\"ListItem\",\"position\":2,\"name\":\"Priv\u0101tuma un s\u012bkdat\u0146u politika\"}]},{\"@type\":\"WebSite\",\"@id\":\"https:\/\/tujustadi.lv\/#website\",\"url\":\"https:\/\/tujustadi.lv\/\",\"name\":\"T\u016bju st\u0101di\",\"description\":\"\",\"publisher\":{\"@id\":\"https:\/\/tujustadi.lv\/#organization\"},\"potentialAction\":[{\"@type\":\"SearchAction\",\"target\":{\"@type\":\"EntryPoint\",\"urlTemplate\":\"https:\/\/tujustadi.lv\/?s={search_term_string}\"},\"query-input\":{\"@type\":\"PropertyValueSpecification\",\"valueRequired\":true,\"valueName\":\"search_term_string\"}}],\"inLanguage\":\"ru-RU\"},{\"@type\":\"Organization\",\"@id\":\"https:\/\/tujustadi.lv\/#organization\",\"name\":\"T\u016bju st\u0101di\",\"url\":\"https:\/\/tujustadi.lv\/\",\"logo\":{\"@type\":\"ImageObject\",\"inLanguage\":\"ru-RU\",\"@id\":\"https:\/\/tujustadi.lv\/#\/schema\/logo\/image\/\",\"url\":\"https:\/\/tujustadi.lv\/wp-content\/uploads\/2025\/12\/cropped-Tuju-stadi.jpg\",\"contentUrl\":\"https:\/\/tujustadi.lv\/wp-content\/uploads\/2025\/12\/cropped-Tuju-stadi.jpg\",\"width\":512,\"height\":512,\"caption\":\"T\u016bju st\u0101di\"},\"image\":{\"@id\":\"https:\/\/tujustadi.lv\/#\/schema\/logo\/image\/\"},\"sameAs\":[\"https:\/\/www.facebook.com\/Tujustadi.lv\"]}]}<\/script>\n<!-- \/ Yoast SEO Premium plugin. -->","yoast_head_json":{"title":"Priv\u0101tuma un s\u012bkdat\u0146u politika - T\u016bju st\u0101di","robots":{"index":"index","follow":"follow","max-snippet":"max-snippet:-1","max-image-preview":"max-image-preview:large","max-video-preview":"max-video-preview:-1"},"canonical":"https:\/\/tujustadi.lv\/ru\/privatuma-un-sikdatnu-politika\/","og_locale":"ru_RU","og_type":"article","og_title":"Priv\u0101tuma un s\u012bkdat\u0146u politika","og_description":"1. Visp\u0101r\u012bgie noteikumi 1.1. \u0160\u012b Priv\u0101tuma politika apraksta, k\u0101 SIA \u201cAltafina\u201d, re\u0123. nr. 40103401385, Ventas iela 56, M\u0101rupe, M\u0101rupes nov.,","og_url":"https:\/\/tujustadi.lv\/ru\/privatuma-un-sikdatnu-politika\/","og_site_name":"T\u016bju st\u0101di","article_publisher":"https:\/\/www.facebook.com\/Tujustadi.lv","article_modified_time":"2025-12-03T15:38:14+00:00","twitter_card":"summary_large_image","twitter_misc":{"\u041f\u0440\u0438\u043c\u0435\u0440\u043d\u043e\u0435 \u0432\u0440\u0435\u043c\u044f \u0434\u043b\u044f \u0447\u0442\u0435\u043d\u0438\u044f":"4 \u043c\u0438\u043d\u0443\u0442\u044b"},"schema":{"@context":"https:\/\/schema.org","@graph":[{"@type":"WebPage","@id":"https:\/\/tujustadi.lv\/privatuma-un-sikdatnu-politika\/","url":"https:\/\/tujustadi.lv\/privatuma-un-sikdatnu-politika\/","name":"Priv\u0101tuma un s\u012bkdat\u0146u politika - T\u016bju st\u0101di","isPartOf":{"@id":"https:\/\/tujustadi.lv\/#website"},"datePublished":"2025-11-24T12:25:09+00:00","dateModified":"2025-12-03T15:38:14+00:00","breadcrumb":{"@id":"https:\/\/tujustadi.lv\/privatuma-un-sikdatnu-politika\/#breadcrumb"},"inLanguage":"ru-RU","potentialAction":[{"@type":"ReadAction","target":["https:\/\/tujustadi.lv\/privatuma-un-sikdatnu-politika\/"]}]},{"@type":"BreadcrumbList","@id":"https:\/\/tujustadi.lv\/privatuma-un-sikdatnu-politika\/#breadcrumb","itemListElement":[{"@type":"ListItem","position":1,"name":"Home","item":"https:\/\/tujustadi.lv\/"},{"@type":"ListItem","position":2,"name":"Priv\u0101tuma un s\u012bkdat\u0146u politika"}]},{"@type":"WebSite","@id":"https:\/\/tujustadi.lv\/#website","url":"https:\/\/tujustadi.lv\/","name":"T\u016bju st\u0101di","description":"","publisher":{"@id":"https:\/\/tujustadi.lv\/#organization"},"potentialAction":[{"@type":"SearchAction","target":{"@type":"EntryPoint","urlTemplate":"https:\/\/tujustadi.lv\/?s={search_term_string}"},"query-input":{"@type":"PropertyValueSpecification","valueRequired":true,"valueName":"search_term_string"}}],"inLanguage":"ru-RU"},{"@type":"Organization","@id":"https:\/\/tujustadi.lv\/#organization","name":"T\u016bju st\u0101di","url":"https:\/\/tujustadi.lv\/","logo":{"@type":"ImageObject","inLanguage":"ru-RU","@id":"https:\/\/tujustadi.lv\/#\/schema\/logo\/image\/","url":"https:\/\/tujustadi.lv\/wp-content\/uploads\/2025\/12\/cropped-Tuju-stadi.jpg","contentUrl":"https:\/\/tujustadi.lv\/wp-content\/uploads\/2025\/12\/cropped-Tuju-stadi.jpg","width":512,"height":512,"caption":"T\u016bju st\u0101di"},"image":{"@id":"https:\/\/tujustadi.lv\/#\/schema\/logo\/image\/"},"sameAs":["https:\/\/www.facebook.com\/Tujustadi.lv"]}]}},"_links":{"self":[{"href":"https:\/\/tujustadi.lv\/ru\/wp-json\/wp\/v2\/pages\/5807","targetHints":{"allow":["GET"]}}],"collection":[{"href":"https:\/\/tujustadi.lv\/ru\/wp-json\/wp\/v2\/pages"}],"about":[{"href":"https:\/\/tujustadi.lv\/ru\/wp-json\/wp\/v2\/types\/page"}],"author":[{"embeddable":true,"href":"https:\/\/tujustadi.lv\/ru\/wp-json\/wp\/v2\/users\/1"}],"replies":[{"embeddable":true,"href":"https:\/\/tujustadi.lv\/ru\/wp-json\/wp\/v2\/comments?post=5807"}],"version-history":[{"count":5,"href":"https:\/\/tujustadi.lv\/ru\/wp-json\/wp\/v2\/pages\/5807\/revisions"}],"predecessor-version":[{"id":6300,"href":"https:\/\/tujustadi.lv\/ru\/wp-json\/wp\/v2\/pages\/5807\/revisions\/6300"}],"wp:attachment":[{"href":"https:\/\/tujustadi.lv\/ru\/wp-json\/wp\/v2\/media?parent=5807"}],"curies":[{"name":"wp","href":"https:\/\/api.w.org\/{rel}","templated":true}]}}